{"id":3342,"date":"2022-11-10T14:39:57","date_gmt":"2022-11-10T12:39:57","guid":{"rendered":"https:\/\/ignitis.pl\/?page_id=3342"},"modified":"2022-11-10T15:09:45","modified_gmt":"2022-11-10T13:09:45","slug":"informacja-o-strukturze-paliw","status":"publish","type":"page","link":"https:\/\/ignitis.pl\/en\/informacja-o-strukturze-paliw\/","title":{"rendered":"Informacja o strukturze paliw"},"content":{"rendered":"\n<p>Informacje dla odbiorc\u00f3w o strukturze paliw zu\u017cytych do wytworzenia<br>energii elektrycznej sprzedawanej przez Ignitis Polska Sp z o. o. w<br>2020 roku zgodnie z \u00a737 Rozporz\u0105dzenia Ministra Gospodarki w sprawie<br>szczeg\u00f3\u0142owych warunk\u00f3w funkcjonowania systemu elektroenergetycznego<br>z dnia 4 maja 2007 r.<\/p>\n\n\n\n<figure class=\"wp-block-image size-full\"><img loading=\"lazy\" decoding=\"async\" width=\"240\" height=\"149\" src=\"https:\/\/ignitis.pl\/wp-content\/uploads\/2022\/11\/ignitispl_graphic1.png\" alt=\"\" class=\"wp-image-3343\"\/><\/figure>\n\n\n\n<p>Wykres ko\u0142owy struktury paliw i pozosta\u0142ych no\u015bnik\u00f3w energii pierwotnej<br>zu\u017cytych do wytworzenia energii elektrycznej przez Ignitis Polska Sp. z o. o.<br>w 2020 roku.<br>Informacje o wp\u0142ywie wytworzenia energii elektrycznej na \u015brodowisko w<br>zakresie wielko\u015bci emisji dla poszczeg\u00f3lnych paliw i innych no\u015bnik\u00f3w<br>energii pierwotnej zu\u017cytych do wytworzenia energii elektrycznej<br>sprzedawanej przez Ignitis Polska Sp. z o.o. w 2020 roku.<\/p>\n\n\n\n<figure class=\"wp-block-image size-full\"><img loading=\"lazy\" decoding=\"async\" width=\"338\" height=\"463\" src=\"https:\/\/ignitis.pl\/wp-content\/uploads\/2022\/11\/ignitispl_graphic2.png\" alt=\"\" class=\"wp-image-3345\" srcset=\"https:\/\/ignitis.pl\/wp-content\/uploads\/2022\/11\/ignitispl_graphic2.png 338w, https:\/\/ignitis.pl\/wp-content\/uploads\/2022\/11\/ignitispl_graphic2-219x300.png 219w\" sizes=\"auto, (max-width: 338px) 100vw, 338px\" \/><\/figure>\n\n\n\n<p class=\"has-text-color\"><a href=\"https:\/\/ignitis.pl\/wp-content\/uploads\/2022\/01\/Informacje-dla-odbiorcow-o-strukturze-paliw-zuzytych-do-wytworzenia-energii-elektrycznej-sprzedawanej-przez-Ignitis-Polska-Sp-z-o.pdf\" target=\"_blank\" style=\"color:#00d3b7\" rel=\"noreferrer noopener\">Download &#8220;Informacja o strukturze paliw&#8221;<\/a>  <\/p>\n","protected":false},"excerpt":{"rendered":"<p>Informacje dla odbiorc\u00f3w o strukturze paliw zu\u017cytych do wytworzeniaenergii elektrycznej sprzedawanej przez Ignitis Polska Sp z o. o. w2020 roku zgodnie z \u00a737 Rozporz\u0105dzenia Ministra Gospodarki w sprawieszczeg\u00f3\u0142owych warunk\u00f3w funkcjonowania systemu elektroenergetycznegoz dnia 4 maja 2007 r. Wykres ko\u0142owy struktury paliw i pozosta\u0142ych no\u015bnik\u00f3w energii pierwotnejzu\u017cytych do wytworzenia energii elektrycznej przez Ignitis Polska Sp. z [&hellip;]<\/p>\n","protected":false},"author":17,"featured_media":0,"parent":0,"menu_order":0,"comment_status":"closed","ping_status":"closed","template":"","meta":{"_acf_changed":false,"footnotes":""},"class_list":["post-3342","page","type-page","status-publish","hentry"],"acf":[],"yoast_head":"<!-- This site is optimized with the Yoast SEO plugin v27.5 - https:\/\/yoast.com\/product\/yoast-seo-wordpress\/ -->\n<title>Informacja o strukturze paliw &#8226; Ignitis Polska Sp. z o.o.<\/title>\n<meta name=\"robots\" content=\"index, follow, max-snippet:-1, max-image-preview:large, max-video-preview:-1\" \/>\n<link rel=\"canonical\" href=\"https:\/\/ignitis.pl\/en\/informacja-o-strukturze-paliw\/\" \/>\n<meta property=\"og:locale\" content=\"en_US\" \/>\n<meta property=\"og:type\" content=\"article\" \/>\n<meta property=\"og:title\" content=\"Informacja o strukturze paliw &#8226; Ignitis Polska Sp. z o.o.\" \/>\n<meta property=\"og:description\" content=\"Informacje dla odbiorc\u00f3w o strukturze paliw zu\u017cytych do wytworzeniaenergii elektrycznej sprzedawanej przez Ignitis Polska Sp z o. o. w2020 roku zgodnie z \u00a737 Rozporz\u0105dzenia Ministra Gospodarki w sprawieszczeg\u00f3\u0142owych warunk\u00f3w funkcjonowania systemu elektroenergetycznegoz dnia 4 maja 2007 r. Wykres ko\u0142owy struktury paliw i pozosta\u0142ych no\u015bnik\u00f3w energii pierwotnejzu\u017cytych do wytworzenia energii elektrycznej przez Ignitis Polska Sp. z [&hellip;]\" \/>\n<meta property=\"og:url\" content=\"https:\/\/ignitis.pl\/en\/informacja-o-strukturze-paliw\/\" \/>\n<meta property=\"og:site_name\" content=\"Ignitis Polska Sp. z o.o.\" \/>\n<meta property=\"article:publisher\" content=\"https:\/\/www.facebook.com\/IgnitisGrupe\" \/>\n<meta property=\"article:modified_time\" content=\"2022-11-10T13:09:45+00:00\" \/>\n<meta property=\"og:image\" content=\"https:\/\/ignitis.pl\/wp-content\/uploads\/2022\/11\/ignitispl_graphic1.png\" \/>\n<meta name=\"twitter:card\" content=\"summary_large_image\" \/>\n<meta name=\"twitter:label1\" content=\"Est. reading time\" \/>\n\t<meta name=\"twitter:data1\" content=\"1 minute\" \/>\n<script type=\"application\/ld+json\" class=\"yoast-schema-graph\">{\"@context\":\"https:\\\/\\\/schema.org\",\"@graph\":[{\"@type\":\"WebPage\",\"@id\":\"https:\\\/\\\/ignitis.pl\\\/en\\\/informacja-o-strukturze-paliw\\\/\",\"url\":\"https:\\\/\\\/ignitis.pl\\\/en\\\/informacja-o-strukturze-paliw\\\/\",\"name\":\"Informacja o strukturze paliw &#8226; Ignitis Polska Sp. z o.o.\",\"isPartOf\":{\"@id\":\"https:\\\/\\\/ignitis.pl\\\/en\\\/#website\"},\"primaryImageOfPage\":{\"@id\":\"https:\\\/\\\/ignitis.pl\\\/en\\\/informacja-o-strukturze-paliw\\\/#primaryimage\"},\"image\":{\"@id\":\"https:\\\/\\\/ignitis.pl\\\/en\\\/informacja-o-strukturze-paliw\\\/#primaryimage\"},\"thumbnailUrl\":\"https:\\\/\\\/ignitis.pl\\\/wp-content\\\/uploads\\\/2022\\\/11\\\/ignitispl_graphic1.png\",\"datePublished\":\"2022-11-10T12:39:57+00:00\",\"dateModified\":\"2022-11-10T13:09:45+00:00\",\"inLanguage\":\"en-US\",\"potentialAction\":[{\"@type\":\"ReadAction\",\"target\":[\"https:\\\/\\\/ignitis.pl\\\/en\\\/informacja-o-strukturze-paliw\\\/\"]}]},{\"@type\":\"ImageObject\",\"inLanguage\":\"en-US\",\"@id\":\"https:\\\/\\\/ignitis.pl\\\/en\\\/informacja-o-strukturze-paliw\\\/#primaryimage\",\"url\":\"https:\\\/\\\/ignitis.pl\\\/wp-content\\\/uploads\\\/2022\\\/11\\\/ignitispl_graphic1.png\",\"contentUrl\":\"https:\\\/\\\/ignitis.pl\\\/wp-content\\\/uploads\\\/2022\\\/11\\\/ignitispl_graphic1.png\"},{\"@type\":\"WebSite\",\"@id\":\"https:\\\/\\\/ignitis.pl\\\/en\\\/#website\",\"url\":\"https:\\\/\\\/ignitis.pl\\\/en\\\/\",\"name\":\"Ignitis Polska Sp. z o.o.\",\"description\":\"Pomagamy przedsi\u0119biorstwom, Zapewniamy energi\u0119\",\"publisher\":{\"@id\":\"https:\\\/\\\/ignitis.pl\\\/en\\\/#organization\"},\"potentialAction\":[{\"@type\":\"SearchAction\",\"target\":{\"@type\":\"EntryPoint\",\"urlTemplate\":\"https:\\\/\\\/ignitis.pl\\\/en\\\/?s={search_term_string}\"},\"query-input\":{\"@type\":\"PropertyValueSpecification\",\"valueRequired\":true,\"valueName\":\"search_term_string\"}}],\"inLanguage\":\"en-US\"},{\"@type\":\"Organization\",\"@id\":\"https:\\\/\\\/ignitis.pl\\\/en\\\/#organization\",\"name\":\"Ignitis Polska Sp. z o.o.\",\"url\":\"https:\\\/\\\/ignitis.pl\\\/en\\\/\",\"logo\":{\"@type\":\"ImageObject\",\"inLanguage\":\"en-US\",\"@id\":\"https:\\\/\\\/ignitis.pl\\\/en\\\/#\\\/schema\\\/logo\\\/image\\\/\",\"url\":\"https:\\\/\\\/ignitis.pl\\\/wp-content\\\/uploads\\\/2022\\\/05\\\/Ignitis_logo_color-01.svg\",\"contentUrl\":\"https:\\\/\\\/ignitis.pl\\\/wp-content\\\/uploads\\\/2022\\\/05\\\/Ignitis_logo_color-01.svg\",\"width\":1,\"height\":1,\"caption\":\"Ignitis Polska Sp. z o.o.\"},\"image\":{\"@id\":\"https:\\\/\\\/ignitis.pl\\\/en\\\/#\\\/schema\\\/logo\\\/image\\\/\"},\"sameAs\":[\"https:\\\/\\\/www.facebook.com\\\/IgnitisGrupe\",\"https:\\\/\\\/www.linkedin.com\\\/company\\\/ignitis-grupe\\\/\",\"https:\\\/\\\/www.youtube.com\\\/channel\\\/UCS0i4kQXqX-Cp7jYJAp-Qzw\"]}]}<\/script>\n<!-- \/ Yoast SEO plugin. -->","yoast_head_json":{"title":"Informacja o strukturze paliw &#8226; Ignitis Polska Sp. z o.o.","robots":{"index":"index","follow":"follow","max-snippet":"max-snippet:-1","max-image-preview":"max-image-preview:large","max-video-preview":"max-video-preview:-1"},"canonical":"https:\/\/ignitis.pl\/en\/informacja-o-strukturze-paliw\/","og_locale":"en_US","og_type":"article","og_title":"Informacja o strukturze paliw &#8226; Ignitis Polska Sp. z o.o.","og_description":"Informacje dla odbiorc\u00f3w o strukturze paliw zu\u017cytych do wytworzeniaenergii elektrycznej sprzedawanej przez Ignitis Polska Sp z o. o. w2020 roku zgodnie z \u00a737 Rozporz\u0105dzenia Ministra Gospodarki w sprawieszczeg\u00f3\u0142owych warunk\u00f3w funkcjonowania systemu elektroenergetycznegoz dnia 4 maja 2007 r. Wykres ko\u0142owy struktury paliw i pozosta\u0142ych no\u015bnik\u00f3w energii pierwotnejzu\u017cytych do wytworzenia energii elektrycznej przez Ignitis Polska Sp. z [&hellip;]","og_url":"https:\/\/ignitis.pl\/en\/informacja-o-strukturze-paliw\/","og_site_name":"Ignitis Polska Sp. z o.o.","article_publisher":"https:\/\/www.facebook.com\/IgnitisGrupe","article_modified_time":"2022-11-10T13:09:45+00:00","og_image":[{"url":"https:\/\/ignitis.pl\/wp-content\/uploads\/2022\/11\/ignitispl_graphic1.png","type":"","width":"","height":""}],"twitter_card":"summary_large_image","twitter_misc":{"Est. reading time":"1 minute"},"schema":{"@context":"https:\/\/schema.org","@graph":[{"@type":"WebPage","@id":"https:\/\/ignitis.pl\/en\/informacja-o-strukturze-paliw\/","url":"https:\/\/ignitis.pl\/en\/informacja-o-strukturze-paliw\/","name":"Informacja o strukturze paliw &#8226; Ignitis Polska Sp. z o.o.","isPartOf":{"@id":"https:\/\/ignitis.pl\/en\/#website"},"primaryImageOfPage":{"@id":"https:\/\/ignitis.pl\/en\/informacja-o-strukturze-paliw\/#primaryimage"},"image":{"@id":"https:\/\/ignitis.pl\/en\/informacja-o-strukturze-paliw\/#primaryimage"},"thumbnailUrl":"https:\/\/ignitis.pl\/wp-content\/uploads\/2022\/11\/ignitispl_graphic1.png","datePublished":"2022-11-10T12:39:57+00:00","dateModified":"2022-11-10T13:09:45+00:00","inLanguage":"en-US","potentialAction":[{"@type":"ReadAction","target":["https:\/\/ignitis.pl\/en\/informacja-o-strukturze-paliw\/"]}]},{"@type":"ImageObject","inLanguage":"en-US","@id":"https:\/\/ignitis.pl\/en\/informacja-o-strukturze-paliw\/#primaryimage","url":"https:\/\/ignitis.pl\/wp-content\/uploads\/2022\/11\/ignitispl_graphic1.png","contentUrl":"https:\/\/ignitis.pl\/wp-content\/uploads\/2022\/11\/ignitispl_graphic1.png"},{"@type":"WebSite","@id":"https:\/\/ignitis.pl\/en\/#website","url":"https:\/\/ignitis.pl\/en\/","name":"Ignitis Polska Sp. z o.o.","description":"Pomagamy przedsi\u0119biorstwom, Zapewniamy energi\u0119","publisher":{"@id":"https:\/\/ignitis.pl\/en\/#organization"},"potentialAction":[{"@type":"SearchAction","target":{"@type":"EntryPoint","urlTemplate":"https:\/\/ignitis.pl\/en\/?s={search_term_string}"},"query-input":{"@type":"PropertyValueSpecification","valueRequired":true,"valueName":"search_term_string"}}],"inLanguage":"en-US"},{"@type":"Organization","@id":"https:\/\/ignitis.pl\/en\/#organization","name":"Ignitis Polska Sp. z o.o.","url":"https:\/\/ignitis.pl\/en\/","logo":{"@type":"ImageObject","inLanguage":"en-US","@id":"https:\/\/ignitis.pl\/en\/#\/schema\/logo\/image\/","url":"https:\/\/ignitis.pl\/wp-content\/uploads\/2022\/05\/Ignitis_logo_color-01.svg","contentUrl":"https:\/\/ignitis.pl\/wp-content\/uploads\/2022\/05\/Ignitis_logo_color-01.svg","width":1,"height":1,"caption":"Ignitis Polska Sp. z o.o."},"image":{"@id":"https:\/\/ignitis.pl\/en\/#\/schema\/logo\/image\/"},"sameAs":["https:\/\/www.facebook.com\/IgnitisGrupe","https:\/\/www.linkedin.com\/company\/ignitis-grupe\/","https:\/\/www.youtube.com\/channel\/UCS0i4kQXqX-Cp7jYJAp-Qzw"]}]}},"_links":{"self":[{"href":"https:\/\/ignitis.pl\/en\/wp-json\/wp\/v2\/pages\/3342","targetHints":{"allow":["GET"]}}],"collection":[{"href":"https:\/\/ignitis.pl\/en\/wp-json\/wp\/v2\/pages"}],"about":[{"href":"https:\/\/ignitis.pl\/en\/wp-json\/wp\/v2\/types\/page"}],"author":[{"embeddable":true,"href":"https:\/\/ignitis.pl\/en\/wp-json\/wp\/v2\/users\/17"}],"replies":[{"embeddable":true,"href":"https:\/\/ignitis.pl\/en\/wp-json\/wp\/v2\/comments?post=3342"}],"version-history":[{"count":9,"href":"https:\/\/ignitis.pl\/en\/wp-json\/wp\/v2\/pages\/3342\/revisions"}],"predecessor-version":[{"id":3367,"href":"https:\/\/ignitis.pl\/en\/wp-json\/wp\/v2\/pages\/3342\/revisions\/3367"}],"wp:attachment":[{"href":"https:\/\/ignitis.pl\/en\/wp-json\/wp\/v2\/media?parent=3342"}],"curies":[{"name":"wp","href":"https:\/\/api.w.org\/{rel}","templated":true}]}}